{"id":581,"date":"2020-05-29T11:35:14","date_gmt":"2020-05-29T09:35:14","guid":{"rendered":"https:\/\/ceciledjunga.com\/cjweb\/?page_id=581"},"modified":"2023-11-15T16:24:44","modified_gmt":"2023-11-15T15:24:44","slug":"contact","status":"publish","type":"page","link":"https:\/\/ceciledjunga.com\/cjweb\/contact\/","title":{"rendered":"Contact"},"content":{"rendered":"\t\t<div data-elementor-type=\"wp-page\" data-elementor-id=\"581\" class=\"elementor elementor-581\" data-elementor-post-type=\"page\">\n\t\t\t\t\t\t\t\t\t<section class=\"elementor-section elementor-top-section elementor-element elementor-element-479049d elementor-section-full_width elementor-section-height-min-height elementor-section-content-top elementor-section-height-default elementor-section-items-middle elementor-invisible\" data-id=\"479049d\" data-element_type=\"section\" data-settings=\"{&quot;background_background&quot;:&quot;gradient&quot;,&quot;animation&quot;:&quot;fadeIn&quot;,&quot;shape_divider_bottom&quot;:&quot;wave-brush&quot;}\">\n\t\t\t\t\t\t\t<div class=\"elementor-background-overlay\"><\/div>\n\t\t\t\t\t\t<div class=\"elementor-shape elementor-shape-bottom\" data-negative=\"false\">\n\t\t\t<svg xmlns=\"http:\/\/www.w3.org\/2000\/svg\" viewBox=\"0 0 283.5 27.8\" preserveAspectRatio=\"none\">\n\t<path class=\"elementor-shape-fill\" d=\"M283.5,9.7c0,0-7.3,4.3-14,4.6c-6.8,0.3-12.6,0-20.9-1.5c-11.3-2-33.1-10.1-44.7-5.7\ts-12.1,4.6-18,7.4c-6.6,3.2-20,9.6-36.6,9.3C131.6,23.5,99.5,7.2,86.3,8c-1.4,0.1-6.6,0.8-10.5,2c-3.8,1.2-9.4,3.8-17,4.7\tc-3.2,0.4-8.3,1.1-14.2,0.9c-1.5-0.1-6.3-0.4-12-1.6c-5.7-1.2-11-3.1-15.8-3.7C6.5,9.2,0,10.8,0,10.8V0h283.5V9.7z M260.8,11.3\tc-0.7-1-2-0.4-4.3-0.4c-2.3,0-6.1-1.2-5.8-1.1c0.3,0.1,3.1,1.5,6,1.9C259.7,12.2,261.4,12.3,260.8,11.3z M242.4,8.6\tc0,0-2.4-0.2-5.6-0.9c-3.2-0.8-10.3-2.8-15.1-3.5c-8.2-1.1-15.8,0-15.1,0.1c0.8,0.1,9.6-0.6,17.6,1.1c3.3,0.7,9.3,2.2,12.4,2.7\tC239.9,8.7,242.4,8.6,242.4,8.6z M185.2,8.5c1.7-0.7-13.3,4.7-18.5,6.1c-2.1,0.6-6.2,1.6-10,2c-3.9,0.4-8.9,0.4-8.8,0.5\tc0,0.2,5.8,0.8,11.2,0c5.4-0.8,5.2-1.1,7.6-1.6C170.5,14.7,183.5,9.2,185.2,8.5z M199.1,6.9c0.2,0-0.8-0.4-4.8,1.1\tc-4,1.5-6.7,3.5-6.9,3.7c-0.2,0.1,3.5-1.8,6.6-3C197,7.5,199,6.9,199.1,6.9z M283,6c-0.1,0.1-1.9,1.1-4.8,2.5s-6.9,2.8-6.7,2.7\tc0.2,0,3.5-0.6,7.4-2.5C282.8,6.8,283.1,5.9,283,6z M31.3,11.6c0.1-0.2-1.9-0.2-4.5-1.2s-5.4-1.6-7.8-2C15,7.6,7.3,8.5,7.7,8.6\tC8,8.7,15.9,8.3,20.2,9.3c2.2,0.5,2.4,0.5,5.7,1.6S31.2,11.9,31.3,11.6z M73,9.2c0.4-0.1,3.5-1.6,8.4-2.6c4.9-1.1,8.9-0.5,8.9-0.8\tc0-0.3-1-0.9-6.2-0.3S72.6,9.3,73,9.2z M71.6,6.7C71.8,6.8,75,5.4,77.3,5c2.3-0.3,1.9-0.5,1.9-0.6c0-0.1-1.1-0.2-2.7,0.2\tC74.8,5.1,71.4,6.6,71.6,6.7z M93.6,4.4c0.1,0.2,3.5,0.8,5.6,1.8c2.1,1,1.8,0.6,1.9,0.5c0.1-0.1-0.8-0.8-2.4-1.3\tC97.1,4.8,93.5,4.2,93.6,4.4z M65.4,11.1c-0.1,0.3,0.3,0.5,1.9-0.2s2.6-1.3,2.2-1.2s-0.9,0.4-2.5,0.8C65.3,10.9,65.5,10.8,65.4,11.1\tz M34.5,12.4c-0.2,0,2.1,0.8,3.3,0.9c1.2,0.1,2,0.1,2-0.2c0-0.3-0.1-0.5-1.6-0.4C36.6,12.8,34.7,12.4,34.5,12.4z M152.2,21.1\tc-0.1,0.1-2.4-0.3-7.5-0.3c-5,0-13.6-2.4-17.2-3.5c-3.6-1.1,10,3.9,16.5,4.1C150.5,21.6,152.3,21,152.2,21.1z\"\/>\n\t<path class=\"elementor-shape-fill\" d=\"M269.6,18c-0.1-0.1-4.6,0.3-7.2,0c-7.3-0.7-17-3.2-16.6-2.9c0.4,0.3,13.7,3.1,17,3.3\tC267.7,18.8,269.7,18,269.6,18z\"\/>\n\t<path class=\"elementor-shape-fill\" d=\"M227.4,9.8c-0.2-0.1-4.5-1-9.5-1.2c-5-0.2-12.7,0.6-12.3,0.5c0.3-0.1,5.9-1.8,13.3-1.2\tS227.6,9.9,227.4,9.8z\"\/>\n\t<path class=\"elementor-shape-fill\" d=\"M204.5,13.4c-0.1-0.1,2-1,3.2-1.1c1.2-0.1,2,0,2,0.3c0,0.3-0.1,0.5-1.6,0.4\tC206.4,12.9,204.6,13.5,204.5,13.4z\"\/>\n\t<path class=\"elementor-shape-fill\" d=\"M201,10.6c0-0.1-4.4,1.2-6.3,2.2c-1.9,0.9-6.2,3.1-6.1,3.1c0.1,0.1,4.2-1.6,6.3-2.6\tS201,10.7,201,10.6z\"\/>\n\t<path class=\"elementor-shape-fill\" d=\"M154.5,26.7c-0.1-0.1-4.6,0.3-7.2,0c-7.3-0.7-17-3.2-16.6-2.9c0.4,0.3,13.7,3.1,17,3.3\tC152.6,27.5,154.6,26.8,154.5,26.7z\"\/>\n\t<path class=\"elementor-shape-fill\" d=\"M41.9,19.3c0,0,1.2-0.3,2.9-0.1c1.7,0.2,5.8,0.9,8.2,0.7c4.2-0.4,7.4-2.7,7-2.6\tc-0.4,0-4.3,2.2-8.6,1.9c-1.8-0.1-5.1-0.5-6.7-0.4S41.9,19.3,41.9,19.3z\"\/>\n\t<path class=\"elementor-shape-fill\" d=\"M75.5,12.6c0.2,0.1,2-0.8,4.3-1.1c2.3-0.2,2.1-0.3,2.1-0.5c0-0.1-1.8-0.4-3.4,0\tC76.9,11.5,75.3,12.5,75.5,12.6z\"\/>\n\t<path class=\"elementor-shape-fill\" d=\"M15.6,13.2c0-0.1,4.3,0,6.7,0.5c2.4,0.5,5,1.9,5,2c0,0.1-2.7-0.8-5.1-1.4\tC19.9,13.7,15.7,13.3,15.6,13.2z\"\/>\n<\/svg>\t\t<\/div>\n\t\t\t\t\t<div class=\"elementor-container elementor-column-gap-default\">\n\t\t\t\t\t<div class=\"elementor-column elementor-col-100 elementor-top-column elementor-element elementor-element-ccc0cb3\" data-id=\"ccc0cb3\" data-element_type=\"column\" data-settings=\"{&quot;background_background&quot;:&quot;classic&quot;}\">\n\t\t\t<div class=\"elementor-widget-wrap elementor-element-populated\">\n\t\t\t\t\t\t\t\t\t<\/div>\n\t\t<\/div>\n\t\t\t\t\t\t\t<\/div>\n\t\t<\/section>\n\t\t\t\t<section class=\"elementor-section elementor-top-section elementor-element elementor-element-5045d43 elementor-section-boxed elementor-section-height-default elementor-section-height-default\" data-id=\"5045d43\" data-element_type=\"section\">\n\t\t\t\t\t\t<div class=\"elementor-container elementor-column-gap-default\">\n\t\t\t\t\t<div class=\"elementor-column elementor-col-33 elementor-top-column elementor-element elementor-element-def598d\" data-id=\"def598d\" data-element_type=\"column\">\n\t\t\t<div class=\"elementor-widget-wrap elementor-element-populated\">\n\t\t\t\t\t\t\t\t<div class=\"elementor-element elementor-element-889b13a eael-flipbox-content-align-center elementor-widget elementor-widget-eael-flip-box\" data-id=\"889b13a\" data-element_type=\"widget\" data-widget_type=\"eael-flip-box.default\">\n\t\t\t\t<div class=\"elementor-widget-container\">\n\t\t\t\n        <div class=\"eael-elements-flip-box-container eael-animate-flip eael-animate-up eael-content\">\n\n            <a class=\"eael-elements-flip-box-flip-card\" href=\"mailto:val.management75@gmail.com\">\n                <div class=\"eael-elements-flip-box-front-container\">\n\n                    \n                        <div class=\"eael-elements-slider-display-table\">\n                            <div class=\"eael-elements-flip-box-vertical-align\">\n                                <div class=\"eael-elements-flip-box-padding\">\n                                    <div class=\"eael-elements-flip-box-icon-image\">\n                                                                                    <i aria-hidden=\"true\" class=\"ea-flipbox-icon fas fa-snowflake\"><\/i>                                                                                    <\/div>\n                                                                        <h2 class=\"eael-elements-flip-box-heading\">Manager<\/h2>\n                                                                        <div class=\"eael-elements-flip-box-content\">\n                                        <p><p style=\"text-align: center;\">Val\u00e9rie ETIENNE<\/p><\/p>\n                                    <\/div>\n                                <\/div>\n                            <\/div>\n                        <\/div>\n                                    <\/div>\n\n                <div class=\"eael-elements-flip-box-rear-container\">\n\n                                            <div class=\"eael-elements-slider-display-table\">\n                            <div class=\"eael-elements-flip-box-vertical-align\">\n                                <div class=\"eael-elements-flip-box-padding\">\n                                                                            <div class=\"eael-elements-flip-box-icon-image\">\n                                            <i aria-hidden=\"true\" class=\"ea-flipbox-icon fas fa-envelope\"><\/i>                                                <\/div>\n                                                                                                            <h2 class=\"eael-elements-flip-box-heading\">Val\u00e9rie ETIENNE<\/h2>\n                                                                        <div class=\"eael-elements-flip-box-content\">\n                                        <p>val.management75@gmail.com<\/p>\n                                    <\/div>\n\n                                                                    <\/div>\n                            <\/div>\n                        <\/div>\n                                    <\/div>\n            <\/a>\n        <\/div>\n\n\t\t<\/div>\n\t\t\t\t<\/div>\n\t\t\t\t\t<\/div>\n\t\t<\/div>\n\t\t\t\t<div class=\"elementor-column elementor-col-33 elementor-top-column elementor-element elementor-element-f9f7e17\" data-id=\"f9f7e17\" data-element_type=\"column\">\n\t\t\t<div class=\"elementor-widget-wrap elementor-element-populated\">\n\t\t\t\t\t\t\t\t<div class=\"elementor-element elementor-element-c04f55b eael-flipbox-content-align-center elementor-widget elementor-widget-eael-flip-box\" data-id=\"c04f55b\" data-element_type=\"widget\" data-widget_type=\"eael-flip-box.default\">\n\t\t\t\t<div class=\"elementor-widget-container\">\n\t\t\t\n        <div class=\"eael-elements-flip-box-container eael-animate-flip eael-animate-up eael-content\">\n\n            <a class=\"eael-elements-flip-box-flip-card\" href=\"mailto:info@diffusionevent.be\">\n                <div class=\"eael-elements-flip-box-front-container\">\n\n                    \n                        <div class=\"eael-elements-slider-display-table\">\n                            <div class=\"eael-elements-flip-box-vertical-align\">\n                                <div class=\"eael-elements-flip-box-padding\">\n                                    <div class=\"eael-elements-flip-box-icon-image\">\n                                                                                    <i aria-hidden=\"true\" class=\"ea-flipbox-icon fas fa-snowflake\"><\/i>                                                                                    <\/div>\n                                                                        <h2 class=\"eael-elements-flip-box-heading\">R\u00e9gisseur technique<\/h2>\n                                                                        <div class=\"eael-elements-flip-box-content\">\n                                        <p><p style=\"text-align: center;\">Benjamin MOREAS<\/p><\/p>\n                                    <\/div>\n                                <\/div>\n                            <\/div>\n                        <\/div>\n                                    <\/div>\n\n                <div class=\"eael-elements-flip-box-rear-container\">\n\n                                            <div class=\"eael-elements-slider-display-table\">\n                            <div class=\"eael-elements-flip-box-vertical-align\">\n                                <div class=\"eael-elements-flip-box-padding\">\n                                                                            <div class=\"eael-elements-flip-box-icon-image\">\n                                            <i aria-hidden=\"true\" class=\"ea-flipbox-icon fas fa-envelope\"><\/i>                                                <\/div>\n                                                                                                            <h2 class=\"eael-elements-flip-box-heading\">Benjamin MOREAS<\/h2>\n                                                                        <div class=\"eael-elements-flip-box-content\">\n                                        <p><p>+32 484 48 80 07<br \/><br \/>info@diffusionevent.be<\/p><\/p>\n                                    <\/div>\n\n                                                                    <\/div>\n                            <\/div>\n                        <\/div>\n                                    <\/div>\n            <\/a>\n        <\/div>\n\n\t\t<\/div>\n\t\t\t\t<\/div>\n\t\t\t\t\t<\/div>\n\t\t<\/div>\n\t\t\t\t<div class=\"elementor-column elementor-col-33 elementor-top-column elementor-element elementor-element-f16af4f\" data-id=\"f16af4f\" data-element_type=\"column\">\n\t\t\t<div class=\"elementor-widget-wrap elementor-element-populated\">\n\t\t\t\t\t\t\t\t<div class=\"elementor-element elementor-element-6bea3d3 eael-flipbox-content-align-center elementor-widget elementor-widget-eael-flip-box\" data-id=\"6bea3d3\" data-element_type=\"widget\" data-widget_type=\"eael-flip-box.default\">\n\t\t\t\t<div class=\"elementor-widget-container\">\n\t\t\t\n        <div class=\"eael-elements-flip-box-container eael-animate-flip eael-animate-up eael-content\">\n\n            <a class=\"eael-elements-flip-box-flip-card\" href=\"mailto:pascalbourdet.booking@gmail.com\">\n                <div class=\"eael-elements-flip-box-front-container\">\n\n                    \n                        <div class=\"eael-elements-slider-display-table\">\n                            <div class=\"eael-elements-flip-box-vertical-align\">\n                                <div class=\"eael-elements-flip-box-padding\">\n                                    <div class=\"eael-elements-flip-box-icon-image\">\n                                                                                    <i aria-hidden=\"true\" class=\"ea-flipbox-icon fas fa-snowflake\"><\/i>                                                                                    <\/div>\n                                                                        <h2 class=\"eael-elements-flip-box-heading\">Diffuseur<\/h2>\n                                                                        <div class=\"eael-elements-flip-box-content\">\n                                        <p><p style=\"text-align: center;\">Pascal BOURDET<\/p><\/p>\n                                    <\/div>\n                                <\/div>\n                            <\/div>\n                        <\/div>\n                                    <\/div>\n\n                <div class=\"eael-elements-flip-box-rear-container\">\n\n                                            <div class=\"eael-elements-slider-display-table\">\n                            <div class=\"eael-elements-flip-box-vertical-align\">\n                                <div class=\"eael-elements-flip-box-padding\">\n                                                                            <div class=\"eael-elements-flip-box-icon-image\">\n                                            <i aria-hidden=\"true\" class=\"ea-flipbox-icon fas fa-envelope\"><\/i>                                                <\/div>\n                                                                                                            <h2 class=\"eael-elements-flip-box-heading\">Pascal BOURDET<\/h2>\n                                                                        <div class=\"eael-elements-flip-box-content\">\n                                        <p><p>pascalbourdet.booking@gmail.com<\/p><\/p>\n                                    <\/div>\n\n                                                                    <\/div>\n                            <\/div>\n                        <\/div>\n                                    <\/div>\n            <\/a>\n        <\/div>\n\n\t\t<\/div>\n\t\t\t\t<\/div>\n\t\t\t\t\t<\/div>\n\t\t<\/div>\n\t\t\t\t\t\t\t<\/div>\n\t\t<\/section>\n\t\t\t\t\t\t\t<\/div>\n\t\t","protected":false},"excerpt":{"rendered":"<p>Manager Val\u00e9rie ETIENNE Val\u00e9rie ETIENNE val.management75@gmail.com R\u00e9gisseur technique Benjamin MOREAS Benjamin MOREAS +32 484 48 80 07 info@diffusionevent.be Diffuseur Pascal BOURDET Pascal BOURDET pascalbourdet.booking@gmail.com<\/p>\n","protected":false},"author":3,"featured_media":0,"parent":0,"menu_order":0,"comment_status":"closed","ping_status":"closed","template":"elementor_header_footer","meta":{"ocean_post_layout":"full-width","ocean_both_sidebars_style":"","ocean_both_sidebars_content_width":0,"ocean_both_sidebars_sidebars_width":0,"ocean_sidebar":"0","ocean_second_sidebar":"0","ocean_disable_margins":"enable","ocean_add_body_class":"","ocean_shortcode_before_top_bar":"","ocean_shortcode_after_top_bar":"","ocean_shortcode_before_header":"","ocean_shortcode_after_header":"","ocean_has_shortcode":"","ocean_shortcode_after_title":"","ocean_shortcode_before_footer_widgets":"","ocean_shortcode_after_footer_widgets":"","ocean_shortcode_before_footer_bottom":"","ocean_shortcode_after_footer_bottom":"","ocean_display_top_bar":"default","ocean_display_header":"default","ocean_header_style":"","ocean_center_header_left_menu":"0","ocean_custom_header_template":"0","ocean_custom_logo":0,"ocean_custom_retina_logo":0,"ocean_custom_logo_max_width":0,"ocean_custom_logo_tablet_max_width":0,"ocean_custom_logo_mobile_max_width":0,"ocean_custom_logo_max_height":0,"ocean_custom_logo_tablet_max_height":0,"ocean_custom_logo_mobile_max_height":0,"ocean_header_custom_menu":"0","ocean_menu_typo_font_family":"0","ocean_menu_typo_font_subset":"","ocean_menu_typo_font_size":0,"ocean_menu_typo_font_size_tablet":0,"ocean_menu_typo_font_size_mobile":0,"ocean_menu_typo_font_size_unit":"px","ocean_menu_typo_font_weight":"","ocean_menu_typo_font_weight_tablet":"","ocean_menu_typo_font_weight_mobile":"","ocean_menu_typo_transform":"","ocean_menu_typo_transform_tablet":"","ocean_menu_typo_transform_mobile":"","ocean_menu_typo_line_height":0,"ocean_menu_typo_line_height_tablet":0,"ocean_menu_typo_line_height_mobile":0,"ocean_menu_typo_line_height_unit":"","ocean_menu_typo_spacing":0,"ocean_menu_typo_spacing_tablet":0,"ocean_menu_typo_spacing_mobile":0,"ocean_menu_typo_spacing_unit":"","ocean_menu_link_color":"","ocean_menu_link_color_hover":"","ocean_menu_link_color_active":"","ocean_menu_link_background":"","ocean_menu_link_hover_background":"","ocean_menu_link_active_background":"","ocean_menu_social_links_bg":"","ocean_menu_social_hover_links_bg":"","ocean_menu_social_links_color":"","ocean_menu_social_hover_links_color":"","ocean_disable_title":"on","ocean_disable_heading":"default","ocean_post_title":"","ocean_post_subheading":"","ocean_post_title_style":"background-image","ocean_post_title_background_color":"","ocean_post_title_background":9,"ocean_post_title_bg_image_position":"center center","ocean_post_title_bg_image_attachment":"","ocean_post_title_bg_image_repeat":"no-repeat","ocean_post_title_bg_image_size":"","ocean_post_title_height":300,"ocean_post_title_bg_overlay":0.1,"ocean_post_title_bg_overlay_color":"#fe9788","ocean_disable_breadcrumbs":"default","ocean_breadcrumbs_color":"","ocean_breadcrumbs_separator_color":"","ocean_breadcrumbs_links_color":"","ocean_breadcrumbs_links_hover_color":"","ocean_display_footer_widgets":"off","ocean_display_footer_bottom":"off","ocean_custom_footer_template":"0","footnotes":""},"yoast_head":"<!-- This site is optimized with the Yoast SEO plugin v21.5 - https:\/\/yoast.com\/wordpress\/plugins\/seo\/ -->\n<title>Contact - C\u00e9cile DJUNGA<\/title>\n<meta name=\"robots\" content=\"index, follow, max-snippet:-1, max-image-preview:large, max-video-preview:-1\" \/>\n<link rel=\"canonical\" href=\"https:\/\/ceciledjunga.com\/cjweb\/contact\/\" \/>\n<meta property=\"og:locale\" content=\"fr_FR\" \/>\n<meta property=\"og:type\" content=\"article\" \/>\n<meta property=\"og:title\" content=\"Contact - C\u00e9cile DJUNGA\" \/>\n<meta property=\"og:description\" content=\"Manager Val\u00e9rie ETIENNE Val\u00e9rie ETIENNE val.management75@gmail.com R\u00e9gisseur technique Benjamin MOREAS Benjamin MOREAS +32 484 48 80 07 info@diffusionevent.be Diffuseur Pascal BOURDET Pascal BOURDET pascalbourdet.booking@gmail.com\" \/>\n<meta property=\"og:url\" content=\"https:\/\/ceciledjunga.com\/cjweb\/contact\/\" \/>\n<meta property=\"og:site_name\" content=\"C\u00e9cile DJUNGA\" \/>\n<meta property=\"article:modified_time\" content=\"2023-11-15T15:24:44+00:00\" \/>\n<meta name=\"twitter:card\" content=\"summary_large_image\" \/>\n<meta name=\"twitter:label1\" content=\"Dur\u00e9e de lecture estim\u00e9e\" \/>\n\t<meta name=\"twitter:data1\" content=\"1 minute\" \/>\n<script type=\"application\/ld+json\" class=\"yoast-schema-graph\">{\"@context\":\"https:\/\/schema.org\",\"@graph\":[{\"@type\":\"WebPage\",\"@id\":\"https:\/\/ceciledjunga.com\/cjweb\/contact\/\",\"url\":\"https:\/\/ceciledjunga.com\/cjweb\/contact\/\",\"name\":\"Contact - C\u00e9cile DJUNGA\",\"isPartOf\":{\"@id\":\"https:\/\/ceciledjunga.com\/cjweb\/#website\"},\"datePublished\":\"2020-05-29T09:35:14+00:00\",\"dateModified\":\"2023-11-15T15:24:44+00:00\",\"breadcrumb\":{\"@id\":\"https:\/\/ceciledjunga.com\/cjweb\/contact\/#breadcrumb\"},\"inLanguage\":\"fr-FR\",\"potentialAction\":[{\"@type\":\"ReadAction\",\"target\":[\"https:\/\/ceciledjunga.com\/cjweb\/contact\/\"]}]},{\"@type\":\"BreadcrumbList\",\"@id\":\"https:\/\/ceciledjunga.com\/cjweb\/contact\/#breadcrumb\",\"itemListElement\":[{\"@type\":\"ListItem\",\"position\":1,\"name\":\"Accueil\",\"item\":\"https:\/\/ceciledjunga.com\/cjweb\/\"},{\"@type\":\"ListItem\",\"position\":2,\"name\":\"Contact\"}]},{\"@type\":\"WebSite\",\"@id\":\"https:\/\/ceciledjunga.com\/cjweb\/#website\",\"url\":\"https:\/\/ceciledjunga.com\/cjweb\/\",\"name\":\"C\u00e9cile DJUNGA\",\"description\":\"\",\"publisher\":{\"@id\":\"https:\/\/ceciledjunga.com\/cjweb\/#\/schema\/person\/b9a10d9ce7694871299a5ed5554ff0d1\"},\"potentialAction\":[{\"@type\":\"SearchAction\",\"target\":{\"@type\":\"EntryPoint\",\"urlTemplate\":\"https:\/\/ceciledjunga.com\/cjweb\/?s={search_term_string}\"},\"query-input\":\"required name=search_term_string\"}],\"inLanguage\":\"fr-FR\"},{\"@type\":[\"Person\",\"Organization\"],\"@id\":\"https:\/\/ceciledjunga.com\/cjweb\/#\/schema\/person\/b9a10d9ce7694871299a5ed5554ff0d1\",\"name\":\"CecileDJ\",\"image\":{\"@type\":\"ImageObject\",\"inLanguage\":\"fr-FR\",\"@id\":\"https:\/\/ceciledjunga.com\/cjweb\/#\/schema\/person\/image\/\",\"url\":\"https:\/\/ceciledjunga.com\/cjweb\/wp-content\/uploads\/2020\/05\/Bandeau_Cecile_Djunga_Affiche-1024x545.jpg\",\"contentUrl\":\"https:\/\/ceciledjunga.com\/cjweb\/wp-content\/uploads\/2020\/05\/Bandeau_Cecile_Djunga_Affiche-1024x545.jpg\",\"width\":1024,\"height\":545,\"caption\":\"CecileDJ\"},\"logo\":{\"@id\":\"https:\/\/ceciledjunga.com\/cjweb\/#\/schema\/person\/image\/\"}}]}<\/script>\n<!-- \/ Yoast SEO plugin. -->","yoast_head_json":{"title":"Contact - C\u00e9cile DJUNGA","robots":{"index":"index","follow":"follow","max-snippet":"max-snippet:-1","max-image-preview":"max-image-preview:large","max-video-preview":"max-video-preview:-1"},"canonical":"https:\/\/ceciledjunga.com\/cjweb\/contact\/","og_locale":"fr_FR","og_type":"article","og_title":"Contact - C\u00e9cile DJUNGA","og_description":"Manager Val\u00e9rie ETIENNE Val\u00e9rie ETIENNE val.management75@gmail.com R\u00e9gisseur technique Benjamin MOREAS Benjamin MOREAS +32 484 48 80 07 info@diffusionevent.be Diffuseur Pascal BOURDET Pascal BOURDET pascalbourdet.booking@gmail.com","og_url":"https:\/\/ceciledjunga.com\/cjweb\/contact\/","og_site_name":"C\u00e9cile DJUNGA","article_modified_time":"2023-11-15T15:24:44+00:00","twitter_card":"summary_large_image","twitter_misc":{"Dur\u00e9e de lecture estim\u00e9e":"1 minute"},"schema":{"@context":"https:\/\/schema.org","@graph":[{"@type":"WebPage","@id":"https:\/\/ceciledjunga.com\/cjweb\/contact\/","url":"https:\/\/ceciledjunga.com\/cjweb\/contact\/","name":"Contact - C\u00e9cile DJUNGA","isPartOf":{"@id":"https:\/\/ceciledjunga.com\/cjweb\/#website"},"datePublished":"2020-05-29T09:35:14+00:00","dateModified":"2023-11-15T15:24:44+00:00","breadcrumb":{"@id":"https:\/\/ceciledjunga.com\/cjweb\/contact\/#breadcrumb"},"inLanguage":"fr-FR","potentialAction":[{"@type":"ReadAction","target":["https:\/\/ceciledjunga.com\/cjweb\/contact\/"]}]},{"@type":"BreadcrumbList","@id":"https:\/\/ceciledjunga.com\/cjweb\/contact\/#breadcrumb","itemListElement":[{"@type":"ListItem","position":1,"name":"Accueil","item":"https:\/\/ceciledjunga.com\/cjweb\/"},{"@type":"ListItem","position":2,"name":"Contact"}]},{"@type":"WebSite","@id":"https:\/\/ceciledjunga.com\/cjweb\/#website","url":"https:\/\/ceciledjunga.com\/cjweb\/","name":"C\u00e9cile DJUNGA","description":"","publisher":{"@id":"https:\/\/ceciledjunga.com\/cjweb\/#\/schema\/person\/b9a10d9ce7694871299a5ed5554ff0d1"},"potentialAction":[{"@type":"SearchAction","target":{"@type":"EntryPoint","urlTemplate":"https:\/\/ceciledjunga.com\/cjweb\/?s={search_term_string}"},"query-input":"required name=search_term_string"}],"inLanguage":"fr-FR"},{"@type":["Person","Organization"],"@id":"https:\/\/ceciledjunga.com\/cjweb\/#\/schema\/person\/b9a10d9ce7694871299a5ed5554ff0d1","name":"CecileDJ","image":{"@type":"ImageObject","inLanguage":"fr-FR","@id":"https:\/\/ceciledjunga.com\/cjweb\/#\/schema\/person\/image\/","url":"https:\/\/ceciledjunga.com\/cjweb\/wp-content\/uploads\/2020\/05\/Bandeau_Cecile_Djunga_Affiche-1024x545.jpg","contentUrl":"https:\/\/ceciledjunga.com\/cjweb\/wp-content\/uploads\/2020\/05\/Bandeau_Cecile_Djunga_Affiche-1024x545.jpg","width":1024,"height":545,"caption":"CecileDJ"},"logo":{"@id":"https:\/\/ceciledjunga.com\/cjweb\/#\/schema\/person\/image\/"}}]}},"_links":{"self":[{"href":"https:\/\/ceciledjunga.com\/cjweb\/wp-json\/wp\/v2\/pages\/581"}],"collection":[{"href":"https:\/\/ceciledjunga.com\/cjweb\/wp-json\/wp\/v2\/pages"}],"about":[{"href":"https:\/\/ceciledjunga.com\/cjweb\/wp-json\/wp\/v2\/types\/page"}],"author":[{"embeddable":true,"href":"https:\/\/ceciledjunga.com\/cjweb\/wp-json\/wp\/v2\/users\/3"}],"replies":[{"embeddable":true,"href":"https:\/\/ceciledjunga.com\/cjweb\/wp-json\/wp\/v2\/comments?post=581"}],"version-history":[{"count":84,"href":"https:\/\/ceciledjunga.com\/cjweb\/wp-json\/wp\/v2\/pages\/581\/revisions"}],"predecessor-version":[{"id":2996,"href":"https:\/\/ceciledjunga.com\/cjweb\/wp-json\/wp\/v2\/pages\/581\/revisions\/2996"}],"wp:attachment":[{"href":"https:\/\/ceciledjunga.com\/cjweb\/wp-json\/wp\/v2\/media?parent=581"}],"curies":[{"name":"wp","href":"https:\/\/api.w.org\/{rel}","templated":true}]}}